{"id":799,"date":"2015-10-15T14:16:18","date_gmt":"2015-10-15T12:16:18","guid":{"rendered":"http:\/\/www.actvism.org\/?page_id=799"},"modified":"2020-11-06T17:49:01","modified_gmt":"2020-11-06T16:49:01","slug":"tickets","status":"publish","type":"page","link":"https:\/\/www.actvism.org\/en\/tickets\/","title":{"rendered":"TICKETS"},"content":{"rendered":"<div class=\"container\">\n<div class=\"row justify-content-md-center\">\n<div class=\"col-md-8 pb-3\">\n<div style=\"\">\n<p>Derzeit gibt es keine Events, f\u00fcr die Tickets gekauft werden k\u00f6nnten.<\/p>\n<\/div>\n<p><!--Bei der Veranstaltung: <strong>Rollenspiel - Deutschland und sein Au\u00dfen<\/strong> verf\u00fcgen wir nur \u00fcber eine limitierte Anzahl an Sitzpl\u00e4tzen. Um sich Tickets zu reservieren und damit ihren Namen auf der G\u00e4steliste zu platzieren, folgen Sie bitte folgenden Instruktionen:\n\n\n<div style=\"\">\n\n\n<ul>\n\t\n\n<li>Bitte \u00dcberweisen Sie 10 Euro auf unser Bankkonto<\/li>\n\n\n\t\n\n<li>Bitte geben Sie bei ihrer \u00dcberweisung ihren vollst\u00e4ndigen Namen an<\/li>\n\n\n\t\n\n<li>Bitte geben Sie als Verwendungszweck <strong>\"CHOMSKY EVENT TICKET\"<\/strong> an<\/li>\n\n\n<\/ul>\n\n\n<\/div>\n\n\nIhr Ticket kann nur best\u00e4tigt werden, wenn die oben genannten Instruktionen korrekt befolgt wurden. R\u00fcckerstattungen sind nicht m\u00f6glich.\n\n\n<h2>Kontodaten f\u00fcr Tickets:<\/h2>\n\n\n\n\n<div style=\"\">\n\n\n<table>\n\n\n<tbody>\n\n\n<tr>\n\n\n<td style=\"padding: 0px !important; width: 120px;\">Kontoinhaber:<\/td>\n\n\n\n\n<td style=\"padding: 0px 20px 0px 0px !important; width: 125px;\">acTVism Munich e.V.<\/td>\n\n\n<\/tr>\n\n\n\n\n<tr>\n\n\n<td>Bank:<\/td>\n\n\n\n\n<td>GLS Bank<\/td>\n\n\n<\/tr>\n\n\n\n\n<tr>\n\n\n<td>IBAN:<\/td>\n\n\n\n\n<td>DE89430609678224073600<\/td>\n\n\n<\/tr>\n\n\n\n\n<tr>\n\n\n<td>Konto-Nr:<\/td>\n\n\n\n\n<td>8224073600<\/td>\n\n\n<\/tr>\n\n\n\n\n<tr>\n\n\n<td>BLZ:<\/td>\n\n\n\n\n<td>43060967<\/td>\n\n\n<\/tr>\n\n\n\n\n<tr>\n\n\n<td>BIC:<\/td>\n\n\n\n\n<td>GENODEM1GLS<\/td>\n\n\n<\/tr>\n\n\n<\/tbody>\n\n\n<\/table>\n\n\n<\/div>\n\n\n\n\n\n<hr \/>\n\n\n\n--><br \/>\nacTVism Munich ben\u00f6tigt auch \u00fcber Ticketverk\u00e4ufe hinaus Ihre Unterst\u00fctzung: Wir sind eine steuerbefreite, gemeinn\u00fctzige Organisation, die komplett durch individuelle Spenden finanziert wird. Wir erhalten keine Unterst\u00fctzung durch Staat oder Konzerne. Ohne IHRE Unterst\u00fctzung k\u00f6nnen wir weder Events veranstalten noch Videos online auf englisch und deutsch bereitstellen. Es gibt mehrere Wege, einen Beitrag zu leisten: von Spenden \u00fcber das Bereitstellen von Ausr\u00fcstung wie gebrauchte oder neue Computer sowie Ihre Zeit.<\/p>\n<p>Jeder Beitrag ist wertvoll. Bitte spenden Sie noch heute: <a href=\"https:\/\/www.actvism.org\/donate\" target=\"_blank\" rel=\"noopener noreferrer\">Jetzt spenden.<\/a><\/div>\n<\/p><\/div>\n<\/div>\n","protected":false},"excerpt":{"rendered":"<p>Derzeit gibt es keine Events, f\u00fcr die Tickets gekauft werden k\u00f6nnten. acTVism Munich ben\u00f6tigt auch \u00fcber Ticketverk\u00e4ufe hinaus Ihre Unterst\u00fctzung: Wir sind eine steuerbefreite, gemeinn\u00fctzige Organisation, die komplett durch individuelle Spenden finanziert wird. Wir erhalten keine Unterst\u00fctzung durch Staat oder Konzerne. Ohne IHRE Unterst\u00fctzung k\u00f6nnen wir weder Events veranstalten noch Videos online auf englisch und [&hellip;]<\/p>\n","protected":false},"author":1,"featured_media":0,"parent":0,"menu_order":0,"comment_status":"closed","ping_status":"closed","template":"","meta":{"_acf_changed":false,"inline_featured_image":false,"footnotes":""},"class_list":["post-799","page","type-page","status-publish","hentry"],"translation":{"provider":"WPGlobus","version":"3.0.0","language":"en","enabled_languages":["de","en"],"languages":{"de":{"title":true,"content":true,"excerpt":false},"en":{"title":false,"content":false,"excerpt":false}}},"acf":[],"yoast_head":"<!-- This site is optimized with the Yoast SEO plugin v27.4 - https:\/\/yoast.com\/product\/yoast-seo-wordpress\/ -->\n<title>TICKETS - acTVism<\/title>\n<meta name=\"robots\" content=\"index, follow, max-snippet:-1, max-image-preview:large, max-video-preview:-1\" \/>\n<link rel=\"canonical\" href=\"https:\/\/www.actvism.org\/tickets\/\" \/>\n<meta property=\"og:locale\" content=\"en_US\" \/>\n<meta property=\"og:type\" content=\"article\" \/>\n<meta property=\"og:title\" content=\"TICKETS - acTVism\" \/>\n<meta property=\"og:url\" content=\"https:\/\/www.actvism.org\/tickets\/\" \/>\n<meta property=\"og:site_name\" content=\"acTVism\" \/>\n<meta property=\"article:publisher\" content=\"https:\/\/facebook.com\/acTVism\" \/>\n<meta property=\"article:modified_time\" content=\"2020-11-06T16:49:01+00:00\" \/>\n<meta name=\"twitter:card\" content=\"summary_large_image\" \/>\n<meta name=\"twitter:site\" content=\"@acTVismMunich\" \/>\n<meta name=\"twitter:label1\" content=\"Est. reading time\" \/>\n\t<meta name=\"twitter:data1\" content=\"1 minute\" \/>\n<script type=\"application\/ld+json\" class=\"yoast-schema-graph\">{\"@context\":\"https:\\\/\\\/schema.org\",\"@graph\":[{\"@type\":\"WebPage\",\"@id\":\"https:\\\/\\\/www.actvism.org\\\/tickets\\\/\",\"url\":\"https:\\\/\\\/www.actvism.org\\\/tickets\\\/\",\"name\":\"TICKETS - acTVism\",\"isPartOf\":{\"@id\":\"https:\\\/\\\/www.actvism.org\\\/#website\"},\"datePublished\":\"2015-10-15T12:16:18+00:00\",\"dateModified\":\"2020-11-06T16:49:01+00:00\",\"description\":\"Auf dieser Seite k\u00f6nnen Sie Tickets f\u00fcr die Events von acTVism Munich kaufen.\",\"inLanguage\":\"en-US\",\"potentialAction\":[{\"@type\":\"ReadAction\",\"target\":[\"https:\\\/\\\/www.actvism.org\\\/tickets\\\/\"]}]},{\"@type\":\"WebSite\",\"@id\":\"https:\\\/\\\/www.actvism.org\\\/#website\",\"url\":\"https:\\\/\\\/www.actvism.org\\\/\",\"name\":\"acTVism\",\"description\":\"information that moves\",\"publisher\":{\"@id\":\"https:\\\/\\\/www.actvism.org\\\/#organization\"},\"potentialAction\":[{\"@type\":\"SearchAction\",\"target\":{\"@type\":\"EntryPoint\",\"urlTemplate\":\"https:\\\/\\\/www.actvism.org\\\/?s={search_term_string}\"},\"query-input\":{\"@type\":\"PropertyValueSpecification\",\"valueRequired\":true,\"valueName\":\"search_term_string\"}}],\"inLanguage\":\"en-US\"},{\"@type\":\"Organization\",\"@id\":\"https:\\\/\\\/www.actvism.org\\\/#organization\",\"name\":\"acTVism Munich e.V.\",\"url\":\"https:\\\/\\\/www.actvism.org\\\/\",\"logo\":{\"@type\":\"ImageObject\",\"inLanguage\":\"en-US\",\"@id\":\"https:\\\/\\\/www.actvism.org\\\/#\\\/schema\\\/logo\\\/image\\\/\",\"url\":\"https:\\\/\\\/www.actvism.org\\\/wp-content\\\/uploads\\\/2020\\\/11\\\/logo.svg\",\"contentUrl\":\"https:\\\/\\\/www.actvism.org\\\/wp-content\\\/uploads\\\/2020\\\/11\\\/logo.svg\",\"width\":200,\"height\":57,\"caption\":\"acTVism Munich e.V.\"},\"image\":{\"@id\":\"https:\\\/\\\/www.actvism.org\\\/#\\\/schema\\\/logo\\\/image\\\/\"},\"sameAs\":[\"https:\\\/\\\/facebook.com\\\/acTVism\",\"https:\\\/\\\/x.com\\\/acTVismMunich\"]}]}<\/script>\n<!-- \/ Yoast SEO plugin. -->","yoast_head_json":{"title":"TICKETS - acTVism","robots":{"index":"index","follow":"follow","max-snippet":"max-snippet:-1","max-image-preview":"max-image-preview:large","max-video-preview":"max-video-preview:-1"},"canonical":"https:\/\/www.actvism.org\/tickets\/","og_locale":"en_US","og_type":"article","og_title":"TICKETS - acTVism","og_url":"https:\/\/www.actvism.org\/tickets\/","og_site_name":"acTVism","article_publisher":"https:\/\/facebook.com\/acTVism","article_modified_time":"2020-11-06T16:49:01+00:00","twitter_card":"summary_large_image","twitter_site":"@acTVismMunich","twitter_misc":{"Est. reading time":"1 minute"},"schema":{"@context":"https:\/\/schema.org","@graph":[{"@type":"WebPage","@id":"https:\/\/www.actvism.org\/tickets\/","url":"https:\/\/www.actvism.org\/tickets\/","name":"TICKETS - acTVism","isPartOf":{"@id":"https:\/\/www.actvism.org\/#website"},"datePublished":"2015-10-15T12:16:18+00:00","dateModified":"2020-11-06T16:49:01+00:00","description":"Auf dieser Seite k\u00f6nnen Sie Tickets f\u00fcr die Events von acTVism Munich kaufen.","inLanguage":"en-US","potentialAction":[{"@type":"ReadAction","target":["https:\/\/www.actvism.org\/tickets\/"]}]},{"@type":"WebSite","@id":"https:\/\/www.actvism.org\/#website","url":"https:\/\/www.actvism.org\/","name":"acTVism","description":"information that moves","publisher":{"@id":"https:\/\/www.actvism.org\/#organization"},"potentialAction":[{"@type":"SearchAction","target":{"@type":"EntryPoint","urlTemplate":"https:\/\/www.actvism.org\/?s={search_term_string}"},"query-input":{"@type":"PropertyValueSpecification","valueRequired":true,"valueName":"search_term_string"}}],"inLanguage":"en-US"},{"@type":"Organization","@id":"https:\/\/www.actvism.org\/#organization","name":"acTVism Munich e.V.","url":"https:\/\/www.actvism.org\/","logo":{"@type":"ImageObject","inLanguage":"en-US","@id":"https:\/\/www.actvism.org\/#\/schema\/logo\/image\/","url":"https:\/\/www.actvism.org\/wp-content\/uploads\/2020\/11\/logo.svg","contentUrl":"https:\/\/www.actvism.org\/wp-content\/uploads\/2020\/11\/logo.svg","width":200,"height":57,"caption":"acTVism Munich e.V."},"image":{"@id":"https:\/\/www.actvism.org\/#\/schema\/logo\/image\/"},"sameAs":["https:\/\/facebook.com\/acTVism","https:\/\/x.com\/acTVismMunich"]}]}},"_links":{"self":[{"href":"https:\/\/www.actvism.org\/en\/wp-json\/wp\/v2\/pages\/799","targetHints":{"allow":["GET"]}}],"collection":[{"href":"https:\/\/www.actvism.org\/en\/wp-json\/wp\/v2\/pages"}],"about":[{"href":"https:\/\/www.actvism.org\/en\/wp-json\/wp\/v2\/types\/page"}],"author":[{"embeddable":true,"href":"https:\/\/www.actvism.org\/en\/wp-json\/wp\/v2\/users\/1"}],"replies":[{"embeddable":true,"href":"https:\/\/www.actvism.org\/en\/wp-json\/wp\/v2\/comments?post=799"}],"version-history":[{"count":0,"href":"https:\/\/www.actvism.org\/en\/wp-json\/wp\/v2\/pages\/799\/revisions"}],"wp:attachment":[{"href":"https:\/\/www.actvism.org\/en\/wp-json\/wp\/v2\/media?parent=799"}],"curies":[{"name":"wp","href":"https:\/\/api.w.org\/{rel}","templated":true}]}}